{"id":8042,"date":"2024-10-21T09:55:12","date_gmt":"2024-10-21T07:55:12","guid":{"rendered":"https:\/\/sdmparts.eu\/product\/ensemble-de-raccord-a-compression-12-mm\/"},"modified":"2026-04-14T14:52:21","modified_gmt":"2026-04-14T12:52:21","slug":"ensemble-de-raccord-a-compression-12-mm","status":"publish","type":"product","link":"https:\/\/sdmparts.eu\/fr\/produit\/ensemble-de-raccord-a-compression-12-mm\/","title":{"rendered":"Ensemble de raccord \u00e0 compression 12 mm"},"content":{"rendered":"<p>Ensemble de raccord \u00e0 compression pour tuyau en cuivre de 12 mm, destin\u00e9 \u00e0 \u00eatre utilis\u00e9 dans les vannes de gaz Maxitrol. L&rsquo;ensemble se compose de 2 raccords et 2 bagues, suffisant pour une entr\u00e9e et une sortie. <\/p>\n","protected":false},"excerpt":{"rendered":"<p>Ensemble de raccord \u00e0 compression pour tuyau en cuivre de 12 mm, destin\u00e9 \u00e0 \u00eatre utilis\u00e9 dans les vannes de gaz Maxitrol. L&rsquo;ensemble se compose de 2 raccords et 2 bagues, suffisant pour une entr\u00e9e et une sortie. <\/p>\n","protected":false},"featured_media":8043,"template":"","meta":[],"product_brand":[],"product_cat":[658,693],"product_tag":[],"class_list":{"0":"post-8042","1":"product","2":"type-product","3":"status-publish","4":"has-post-thumbnail","6":"product_cat-cables-et-raccords","7":"product_cat-gv60-fr","9":"first","10":"instock","11":"taxable","12":"shipping-taxable","13":"purchasable","14":"product-type-simple"},"jetpack_sharing_enabled":true,"_links":{"self":[{"href":"https:\/\/sdmparts.eu\/fr\/wp-json\/wp\/v2\/product\/8042","targetHints":{"allow":["GET"]}}],"collection":[{"href":"https:\/\/sdmparts.eu\/fr\/wp-json\/wp\/v2\/product"}],"about":[{"href":"https:\/\/sdmparts.eu\/fr\/wp-json\/wp\/v2\/types\/product"}],"version-history":[{"count":1,"href":"https:\/\/sdmparts.eu\/fr\/wp-json\/wp\/v2\/product\/8042\/revisions"}],"predecessor-version":[{"id":8250,"href":"https:\/\/sdmparts.eu\/fr\/wp-json\/wp\/v2\/product\/8042\/revisions\/8250"}],"wp:featuredmedia":[{"embeddable":true,"href":"https:\/\/sdmparts.eu\/fr\/wp-json\/wp\/v2\/media\/8043"}],"wp:attachment":[{"href":"https:\/\/sdmparts.eu\/fr\/wp-json\/wp\/v2\/media?parent=8042"}],"wp:term":[{"taxonomy":"product_brand","embeddable":true,"href":"https:\/\/sdmparts.eu\/fr\/wp-json\/wp\/v2\/product_brand?post=8042"},{"taxonomy":"product_cat","embeddable":true,"href":"https:\/\/sdmparts.eu\/fr\/wp-json\/wp\/v2\/product_cat?post=8042"},{"taxonomy":"product_tag","embeddable":true,"href":"https:\/\/sdmparts.eu\/fr\/wp-json\/wp\/v2\/product_tag?post=8042"}],"curies":[{"name":"wp","href":"https:\/\/api.w.org\/{rel}","templated":true}]}}