{"id":8252,"date":"2024-01-03T11:05:04","date_gmt":"2024-01-03T10:05:04","guid":{"rendered":"https:\/\/sdmparts.eu\/product\/b6r-w3mr-boitier-wi-fi-maxitrol\/"},"modified":"2025-10-04T14:01:33","modified_gmt":"2025-10-04T12:01:33","slug":"b6r-w3mr-boitier-wi-fi-maxitrol","status":"publish","type":"product","link":"https:\/\/sdmparts.eu\/fr\/produit\/b6r-w3mr-boitier-wi-fi-maxitrol\/","title":{"rendered":"B6R-W3MR Bo\u00eetier Wi-Fi Maxitrol"},"content":{"rendered":"<p>Le bo\u00eetier Wi-Fi de troisi\u00e8me g\u00e9n\u00e9ration de Maxitrol, destin\u00e9 aux foyers au gaz fonctionnant avec l&rsquo;\u00e9lectronique Symax et une vanne de contr\u00f4le de gaz GV60. Le c\u00e2ble est inclus.<br \/>\nFonctionne avec l&rsquo;application gratuite MyFire\u00ae. <\/p>\n","protected":false},"excerpt":{"rendered":"<p>Bo\u00eetier Wifi Maxitrol pour contr\u00f4ler votre foyer avec l&rsquo;application Myfire\u00ae. Fonctionne uniquement avec le syst\u00e8me Symax (codes d&rsquo;articles commen\u00e7ant par B6R).<br \/>\nFonctionne avec l&rsquo;application gratuite MyFire\u00ae.<\/p>\n<p>Ce bo\u00eetier Wi-Fi est de troisi\u00e8me g\u00e9n\u00e9ration et succ\u00e8de aux codes d&rsquo;articles suivants :<br \/>\nB6R-WME<br \/>\nB6R-W2MR-2<\/p>\n<p>&nbsp;<\/p>\n","protected":false},"featured_media":8253,"template":"","meta":[],"product_brand":[],"product_cat":[652,701],"product_tag":[],"class_list":{"0":"post-8252","1":"product","2":"type-product","3":"status-publish","4":"has-post-thumbnail","6":"product_cat-electronique-b6r","7":"product_cat-wifi-set-fr","9":"first","10":"instock","11":"taxable","12":"shipping-taxable","13":"purchasable","14":"product-type-simple"},"jetpack_sharing_enabled":true,"_links":{"self":[{"href":"https:\/\/sdmparts.eu\/fr\/wp-json\/wp\/v2\/product\/8252","targetHints":{"allow":["GET"]}}],"collection":[{"href":"https:\/\/sdmparts.eu\/fr\/wp-json\/wp\/v2\/product"}],"about":[{"href":"https:\/\/sdmparts.eu\/fr\/wp-json\/wp\/v2\/types\/product"}],"version-history":[{"count":0,"href":"https:\/\/sdmparts.eu\/fr\/wp-json\/wp\/v2\/product\/8252\/revisions"}],"wp:featuredmedia":[{"embeddable":true,"href":"https:\/\/sdmparts.eu\/fr\/wp-json\/wp\/v2\/media\/8253"}],"wp:attachment":[{"href":"https:\/\/sdmparts.eu\/fr\/wp-json\/wp\/v2\/media?parent=8252"}],"wp:term":[{"taxonomy":"product_brand","embeddable":true,"href":"https:\/\/sdmparts.eu\/fr\/wp-json\/wp\/v2\/product_brand?post=8252"},{"taxonomy":"product_cat","embeddable":true,"href":"https:\/\/sdmparts.eu\/fr\/wp-json\/wp\/v2\/product_cat?post=8252"},{"taxonomy":"product_tag","embeddable":true,"href":"https:\/\/sdmparts.eu\/fr\/wp-json\/wp\/v2\/product_tag?post=8252"}],"curies":[{"name":"wp","href":"https:\/\/api.w.org\/{rel}","templated":true}]}}