{"id":6716,"date":"2024-10-21T09:55:12","date_gmt":"2024-10-21T07:55:12","guid":{"rendered":"https:\/\/sdmparts.eu\/product\/compression-fitting-set-12mm\/"},"modified":"2025-07-21T20:44:56","modified_gmt":"2025-07-21T18:44:56","slug":"compression-fitting-set-12mm","status":"publish","type":"product","link":"https:\/\/sdmparts.eu\/nl\/product\/compression-fitting-set-12mm\/","title":{"rendered":"Knelkoppelingset 12mm"},"content":{"rendered":"<p>Knelkoppelingset voor 12mm koperen buis, te gebruiken in Maxitrol gaskleppen. Set bestaat uit 2 koppelingen en 2 ringen en is genoeg voor \u00e9\u00e9n inlaat en \u00e9\u00e9n uitlaat. <\/p>\n","protected":false},"excerpt":{"rendered":"<p>Knelkoppelingset voor 12mm koperen buis, te gebruiken in Maxitrol gaskleppen. Set bestaat uit 2 koppelingen en 2 ringen en is genoeg voor \u00e9\u00e9n inlaat en \u00e9\u00e9n uitlaat. <\/p>\n","protected":false},"featured_media":6666,"template":"","meta":[],"product_brand":[],"product_cat":[690,535],"product_tag":[],"class_list":{"0":"post-6716","1":"product","2":"type-product","3":"status-publish","4":"has-post-thumbnail","6":"product_cat-gv60-nl","7":"product_cat-gv60-kabels","9":"first","10":"instock","11":"taxable","12":"shipping-taxable","13":"purchasable","14":"product-type-simple"},"jetpack_sharing_enabled":true,"_links":{"self":[{"href":"https:\/\/sdmparts.eu\/nl\/wp-json\/wp\/v2\/product\/6716","targetHints":{"allow":["GET"]}}],"collection":[{"href":"https:\/\/sdmparts.eu\/nl\/wp-json\/wp\/v2\/product"}],"about":[{"href":"https:\/\/sdmparts.eu\/nl\/wp-json\/wp\/v2\/types\/product"}],"version-history":[{"count":1,"href":"https:\/\/sdmparts.eu\/nl\/wp-json\/wp\/v2\/product\/6716\/revisions"}],"predecessor-version":[{"id":8243,"href":"https:\/\/sdmparts.eu\/nl\/wp-json\/wp\/v2\/product\/6716\/revisions\/8243"}],"wp:featuredmedia":[{"embeddable":true,"href":"https:\/\/sdmparts.eu\/nl\/wp-json\/wp\/v2\/media\/6666"}],"wp:attachment":[{"href":"https:\/\/sdmparts.eu\/nl\/wp-json\/wp\/v2\/media?parent=6716"}],"wp:term":[{"taxonomy":"product_brand","embeddable":true,"href":"https:\/\/sdmparts.eu\/nl\/wp-json\/wp\/v2\/product_brand?post=6716"},{"taxonomy":"product_cat","embeddable":true,"href":"https:\/\/sdmparts.eu\/nl\/wp-json\/wp\/v2\/product_cat?post=6716"},{"taxonomy":"product_tag","embeddable":true,"href":"https:\/\/sdmparts.eu\/nl\/wp-json\/wp\/v2\/product_tag?post=6716"}],"curies":[{"name":"wp","href":"https:\/\/api.w.org\/{rel}","templated":true}]}}